{"id":284639,"date":"2024-02-02T15:57:12","date_gmt":"2024-02-02T14:57:12","guid":{"rendered":"https:\/\/www.camping-tisens.com\/lido-per-ospiti-giornalieri\/"},"modified":"2025-02-03T15:42:08","modified_gmt":"2025-02-03T14:42:08","slug":"lido-per-ospiti-giornalieri","status":"publish","type":"page","link":"https:\/\/www.camping-tisens.com\/it\/lido-per-ospiti-giornalieri\/","title":{"rendered":"Lido per Ospiti Giornalieri"},"content":{"rendered":"<p>[et_pb_section fb_built=&#8221;1&#8243; admin_label=&#8221;Header&#8221; _builder_version=&#8221;4.22.0&#8243; _module_preset=&#8221;default&#8221; custom_padding=&#8221;||0px||false|false&#8221; locked=&#8221;off&#8221; collapsed=&#8221;off&#8221; global_colors_info=&#8221;{}&#8221;][et_pb_row _builder_version=&#8221;4.22.0&#8243; _module_preset=&#8221;default&#8221; global_colors_info=&#8221;{}&#8221;][et_pb_column type=&#8221;4_4&#8243; _builder_version=&#8221;4.22.0&#8243; _module_preset=&#8221;default&#8221; global_colors_info=&#8221;{}&#8221;][et_pb_text _builder_version=&#8221;4.27.3&#8243; _module_preset=&#8221;b35b8512-37d5-4f12-b8cd-f23c60d99d27&#8243; header_font=&#8221;Branch||||||||&#8221; header_text_align=&#8221;center&#8221; header_font_size=&#8221;90px&#8221; header_line_height=&#8221;0.7em&#8221; text_orientation=&#8221;center&#8221; custom_margin=&#8221;||20px||false|false&#8221; header_text_align_tablet=&#8221;center&#8221; header_text_align_phone=&#8221;left&#8221; header_text_align_last_edited=&#8221;on|phone&#8221; header_font_size_phone=&#8221;70px&#8221; global_colors_info=&#8221;{}&#8221;]<\/p>\n<h1 class=\"p1\">Lido per Ospiti Giornalieri.<\/h1>\n<p>[\/et_pb_text][et_pb_text admin_label=&#8221;Text&#8221; _builder_version=&#8221;4.27.3&#8243; _module_preset=&#8221;default&#8221; header_3_font=&#8221;Gotham Bold|||on|||||&#8221; header_3_text_align=&#8221;center&#8221; header_3_text_color=&#8221;#d8cebd&#8221; header_3_font_size=&#8221;14px&#8221; header_3_letter_spacing=&#8221;1px&#8221; header_3_line_height=&#8221;1.4em&#8221; header_4_font=&#8221;Gotham Bold|||on|||||&#8221; header_4_text_color=&#8221;#d8cebd&#8221; header_4_font_size=&#8221;14px&#8221; header_4_line_height=&#8221;1.4em&#8221; header_5_font=&#8221;Gotham Medium||||||||&#8221; header_5_font_size=&#8221;15px&#8221; header_3_text_align_tablet=&#8221;center&#8221; header_3_text_align_phone=&#8221;left&#8221; header_3_text_align_last_edited=&#8221;on|phone&#8221; header_3_font_size_tablet=&#8221;14px&#8221; header_3_font_size_phone=&#8221;18px&#8221; header_3_font_size_last_edited=&#8221;on|phone&#8221; global_colors_info=&#8221;{}&#8221;]<\/p>\n<h3 class=\"p1\">Informazioni Utili.<\/h3>\n<p>[\/et_pb_text][\/et_pb_column][\/et_pb_row][et_pb_row column_structure=&#8221;1_2,1_2&#8243; _builder_version=&#8221;4.22.0&#8243; _module_preset=&#8221;default&#8221; global_colors_info=&#8221;{}&#8221;][et_pb_column type=&#8221;1_2&#8243; _builder_version=&#8221;4.22.0&#8243; _module_preset=&#8221;default&#8221; global_colors_info=&#8221;{}&#8221;][et_pb_text _builder_version=&#8221;4.24.0&#8243; _module_preset=&#8221;default&#8221; text_font=&#8221;Gotham Book||||||||&#8221; text_line_height=&#8221;1.8em&#8221; global_colors_info=&#8221;{}&#8221;]<\/p>\n<p class=\"p1\">Il nostro campeggio \u00e8 un\u2019<b>oasi di relax<\/b> e accoglie <b>sia i vacanzieri che i residenti locali<\/b> che desiderano fermarsi per un caff\u00e8 al mattino, pranzare con gli amici, gustare un aperitivo la sera o trascorrere una giornata di relax al Lido.<\/p>\n<p>[\/et_pb_text][\/et_pb_column][et_pb_column type=&#8221;1_2&#8243; _builder_version=&#8221;4.23.4&#8243; _module_preset=&#8221;default&#8221; global_colors_info=&#8221;{}&#8221;][et_pb_text admin_label=&#8221;Text&#8221; _builder_version=&#8221;4.24.0&#8243; _module_preset=&#8221;default&#8221; text_font=&#8221;Gotham Book||||||||&#8221; text_line_height=&#8221;1.8em&#8221; global_colors_info=&#8221;{}&#8221;]<\/p>\n<p class=\"p1\">Il nostro obiettivo \u00e8 offrire autenticit\u00e0, qualit\u00e0 genuina e un equilibrio tra una <b>tranquilla oasi di vacanza<\/b> e un\u2019<b>atmosfera vivace e rinfrescante<\/b>. Per garantire questo, gli <b>ospiti del Lido<\/b> troveranno su questa pagina alcune <b>informazioni per il loro soggiorno<\/b>.<\/p>\n<p>[\/et_pb_text][\/et_pb_column][\/et_pb_row][\/et_pb_section][et_pb_section fb_built=&#8221;1&#8243; admin_label=&#8221;Pricing&#8221; _builder_version=&#8221;4.24.2&#8243; _module_preset=&#8221;default&#8221; locked=&#8221;off&#8221; collapsed=&#8221;on&#8221; global_colors_info=&#8221;{}&#8221;][et_pb_row _builder_version=&#8221;4.22.0&#8243; _module_preset=&#8221;default&#8221; global_colors_info=&#8221;{}&#8221;][et_pb_column type=&#8221;4_4&#8243; _builder_version=&#8221;4.22.0&#8243; _module_preset=&#8221;default&#8221; global_colors_info=&#8221;{}&#8221;][et_pb_image src=&#8221;https:\/\/www.camping-tisens.com\/wp-content\/uploads\/2024\/06\/IMG_0995-scaled.jpg&#8221; title_text=&#8221;IMG_0995&#8243; show_in_lightbox=&#8221;on&#8221; align=&#8221;center&#8221; _builder_version=&#8221;4.27.4&#8243; _module_preset=&#8221;default&#8221; width=&#8221;70%&#8221; width_tablet=&#8221;70%&#8221; width_phone=&#8221;100%&#8221; width_last_edited=&#8221;on|phone&#8221; global_colors_info=&#8221;{}&#8221;][\/et_pb_image][\/et_pb_column][\/et_pb_row][\/et_pb_section][et_pb_section fb_built=&#8221;1&#8243; admin_label=&#8221;Sektion&#8221; _builder_version=&#8221;4.23.4&#8243; _module_preset=&#8221;default&#8221; custom_margin=&#8221;0px||0px||false|false&#8221; custom_padding=&#8221;0px||0px||false|false&#8221; collapsed=&#8221;off&#8221; global_colors_info=&#8221;{}&#8221;][et_pb_row column_structure=&#8221;3_5,2_5&#8243; _builder_version=&#8221;4.23.4&#8243; _module_preset=&#8221;default&#8221; global_colors_info=&#8221;{}&#8221;][et_pb_column type=&#8221;3_5&#8243; _builder_version=&#8221;4.23.4&#8243; _module_preset=&#8221;default&#8221; global_colors_info=&#8221;{}&#8221;][\/et_pb_column][et_pb_column type=&#8221;2_5&#8243; _builder_version=&#8221;4.23.4&#8243; _module_preset=&#8221;default&#8221; global_colors_info=&#8221;{}&#8221;][et_pb_image src=&#8221;https:\/\/www.camping-tisens.com\/wp-content\/uploads\/2024\/02\/campingtisens_branding_symbol21.png&#8221; title_text=&#8221;campingtisens_branding_symbol21&#8243; _builder_version=&#8221;4.24.0&#8243; _module_preset=&#8221;default&#8221; max_width=&#8221;51%&#8221; global_colors_info=&#8221;{}&#8221;][\/et_pb_image][\/et_pb_column][\/et_pb_row][et_pb_row _builder_version=&#8221;4.24.0&#8243; _module_preset=&#8221;default&#8221; global_colors_info=&#8221;{}&#8221;][et_pb_column type=&#8221;4_4&#8243; _builder_version=&#8221;4.24.0&#8243; _module_preset=&#8221;default&#8221; global_colors_info=&#8221;{}&#8221;][et_pb_accordion open_toggle_text_color=&#8221;#d89356&#8243; closed_toggle_text_color=&#8221;#d8cebd&#8221; icon_color=&#8221;#d89356&#8243; use_icon_font_size=&#8221;on&#8221; icon_font_size=&#8221;25px&#8221; _builder_version=&#8221;4.24.0&#8243; _module_preset=&#8221;default&#8221; toggle_level=&#8221;h3&#8243; toggle_font=&#8221;Gotham Bold|||on|||||&#8221; toggle_font_size=&#8221;14px&#8221; toggle_line_height=&#8221;1.4em&#8221; global_colors_info=&#8221;{}&#8221;][et_pb_accordion_item title=&#8221;Orari di apertura&#8221; open=&#8221;on&#8221; toggle_icon=&#8221;&#x33;||divi||400&#8243; _builder_version=&#8221;4.24.0&#8243; _module_preset=&#8221;default&#8221; body_text_color=&#8221;#FFFFFF&#8221; body_line_height=&#8221;1.4em&#8221; background_color=&#8221;#373737&#8243; background_enable_color=&#8221;on&#8221; global_colors_info=&#8221;{}&#8221; toggle_level=&#8221;h3&#8243;]<\/p>\n<p>aprile &#8211; ottobre. Ogni giorno dalle ore 09:30 alle 18:30. Il Caff\u00e8, il Ristorante e lo Shop sono <b>chiusi il luned\u00ec<\/b>.<\/p>\n<p>[\/et_pb_accordion_item][et_pb_accordion_item title=&#8221;Parcheggio&#8221; toggle_icon=&#8221;&#x33;||divi||400&#8243; _builder_version=&#8221;4.24.0&#8243; _module_preset=&#8221;default&#8221; body_text_color=&#8221;#FFFFFF&#8221; body_line_height=&#8221;1.4em&#8221; background_color=&#8221;#373737&#8243; background_enable_color=&#8221;on&#8221; global_colors_info=&#8221;{}&#8221; toggle_level=&#8221;h3&#8243; open=&#8221;off&#8221;]<\/p>\n<p>I posti auto disponibili presso la nostra struttura sono limitati ed \u00e8 <b>vietato parcheggiare nei frutteti vicini o lungo la strada<\/b>. Durante la stagione balneare, i controlli sui parcheggi saranno intensificati. <b>Nei fine settimana estivi<\/b>, consigliamo di <b>raggiungere il Lido a piedi<\/b>, <b>in bicicletta o utilizzando i mezzi pubblici<\/b> dalla valle. In alternativa, sono disponibili <b>parcheggi pubblici a Tesimo o Prissiano<\/b>.<\/p>\n<p>[\/et_pb_accordion_item][et_pb_accordion_item title=&#8221;Famiglie&#8221; toggle_icon=&#8221;&#x33;||divi||400&#8243; _builder_version=&#8221;4.24.0&#8243; _module_preset=&#8221;default&#8221; body_text_color=&#8221;#FFFFFF&#8221; body_line_height=&#8221;1.4em&#8221; background_color=&#8221;#373737&#8243; background_enable_color=&#8221;on&#8221; global_colors_info=&#8221;{}&#8221; toggle_level=&#8221;h3&#8243; open=&#8221;off&#8221;]<\/p>\n<p>Ogni estate, famiglie e bambini trascorrono momenti meravigliosi al Lido. Ci teniamo molto a mantenere un<b> equilibrio tra divertimento e relax<\/b>. Ridere, giocare ed essere felici: tutto questo ci sta molto a cuore! Allo stesso tempo, \u00e8 fondamentale che i bambini siano <b>sempre sorvegliati<\/b> e che gli adulti garantiscano che il loro comportamento e volume siano adeguati.<\/p>\n<p>[\/et_pb_accordion_item][et_pb_accordion_item title=&#8221;Cani&#8221; toggle_icon=&#8221;&#x33;||divi||400&#8243; _builder_version=&#8221;4.24.0&#8243; _module_preset=&#8221;default&#8221; body_text_color=&#8221;#FFFFFF&#8221; body_line_height=&#8221;1.4em&#8221; background_color=&#8221;#373737&#8243; background_enable_color=&#8221;on&#8221; global_colors_info=&#8221;{}&#8221; toggle_level=&#8221;h3&#8243; open=&#8221;off&#8221;]<\/p>\n<p>Vi chiediamo di comprendere che <b>i cani non sono ammessi nell&#8217;area della piscina<\/b>, sul prato e sulla spiaggia Willis Beach. \u00c8 possibile portare il vostro amico a quattro zampe al Lido solo in casi eccezionali e previo accordo.<\/p>\n<p>[\/et_pb_accordion_item][et_pb_accordion_item title=&#8221;Accessibilit\u00e0&#8221; toggle_icon=&#8221;&#x33;||divi||400&#8243; _builder_version=&#8221;4.24.0&#8243; _module_preset=&#8221;default&#8221; body_text_color=&#8221;#FFFFFF&#8221; body_line_height=&#8221;1.4em&#8221; background_color=&#8221;#373737&#8243; background_enable_color=&#8221;on&#8221; global_colors_info=&#8221;{}&#8221; toggle_level=&#8221;h3&#8243; open=&#8221;off&#8221;]<\/p>\n<p>L&#8217;intera struttura \u00e8 <b>accessibile senza gradini<\/b>. Abbiamo <b>una piscina priva di barriere architettoniche<\/b>, prenotabile presso la Reception. Le persone con disabilit\u00e0 hanno diritto a un <b>ingresso ridotto<\/b> al Lido. Tuttavia, <b>le nostre piscine non dispongono di ausili speciali per l&#8217;ingresso in acqua<\/b>. Il <b>nostro personale sar\u00e0 lieto di assistervi su richiesta<\/b>, in base alle vostre necessit\u00e0.<\/p>\n<p>[\/et_pb_accordion_item][\/et_pb_accordion][\/et_pb_column][\/et_pb_row][\/et_pb_section][et_pb_section fb_built=&#8221;1&#8243; _builder_version=&#8221;4.24.0&#8243; _module_preset=&#8221;default&#8221; global_colors_info=&#8221;{}&#8221;][et_pb_row _builder_version=&#8221;4.24.2&#8243; _module_preset=&#8221;default&#8221; background_enable_color=&#8221;off&#8221; min_height=&#8221;450px&#8221; global_colors_info=&#8221;{}&#8221;][et_pb_column type=&#8221;4_4&#8243; _builder_version=&#8221;4.24.0&#8243; _module_preset=&#8221;default&#8221; global_colors_info=&#8221;{}&#8221;][et_pb_image src=&#8221;https:\/\/www.camping-tisens.com\/wp-content\/uploads\/2025\/02\/campingtisens_preisliste_lido_A4_zumausdrucken_022025-scaled.jpg&#8221; title_text=&#8221;campingtisens_preisliste_lido_A4_zumausdrucken_022025&#8243; show_in_lightbox=&#8221;on&#8221; _builder_version=&#8221;4.27.4&#8243; _module_preset=&#8221;default&#8221; width=&#8221;70%&#8221; width_tablet=&#8221;70%&#8221; width_phone=&#8221;100%&#8221; width_last_edited=&#8221;on|phone&#8221; module_alignment=&#8221;left&#8221; hover_enabled=&#8221;0&#8243; global_colors_info=&#8221;{}&#8221; sticky_enabled=&#8221;0&#8243;][\/et_pb_image][\/et_pb_column][\/et_pb_row][et_pb_row disabled_on=&#8221;on|on|off&#8221; _builder_version=&#8221;4.25.2&#8243; _module_preset=&#8221;default&#8221; global_colors_info=&#8221;{}&#8221;][et_pb_column type=&#8221;4_4&#8243; _builder_version=&#8221;4.24.0&#8243; _module_preset=&#8221;default&#8221; global_colors_info=&#8221;{}&#8221;][\/et_pb_column][\/et_pb_row][\/et_pb_section][et_pb_section fb_built=&#8221;1&#8243; _builder_version=&#8221;4.25.0&#8243; _module_preset=&#8221;default&#8221; global_colors_info=&#8221;{}&#8221;][et_pb_row column_structure=&#8221;1_3,1_3,1_3&#8243; make_equal=&#8221;on&#8221; custom_padding_last_edited=&#8221;on|desktop&#8221; _builder_version=&#8221;4.25.2&#8243; _module_preset=&#8221;default&#8221; max_width=&#8221;1440px&#8221; custom_padding_tablet=&#8221;||0px||false|false&#8221; custom_padding_phone=&#8221;||0px||false|false&#8221; global_colors_info=&#8221;{}&#8221;][et_pb_column type=&#8221;1_3&#8243; _builder_version=&#8221;4.25.2&#8243; _module_preset=&#8221;default&#8221; use_background_color_gradient=&#8221;on&#8221; background_color_gradient_stops=&#8221;rgba(0,0,0,0.5) 0%|rgba(0,0,0,0.5) 100%&#8221; background_color_gradient_overlays_image=&#8221;on&#8221; background_image=&#8221;https:\/\/www.camping-tisens.com\/wp-content\/uploads\/2024\/04\/Andergassen-web-1028.jpg&#8221; custom_padding=&#8221;80px|60px|80px|60px|true|true&#8221; custom_padding_tablet=&#8221;30px|30px|30px|30px|true|true&#8221; custom_padding_phone=&#8221;20px|20px|20px|20px|true|true&#8221; custom_padding_last_edited=&#8221;on|desktop&#8221; link_option_url=&#8221;https:\/\/www.camping-tisens.com\/it\/gastronomia\/&#8221; global_colors_info=&#8221;{}&#8221; background__hover_enabled=&#8221;on|hover&#8221; background_color_gradient_stops__hover=&#8221;rgba(0,0,0,0.6) 0%|rgba(0,0,0,0.6) 99%&#8221; use_background_color_gradient__hover=&#8221;on&#8221;][et_pb_text _builder_version=&#8221;4.25.2&#8243; _module_preset=&#8221;d072d2d1-a6c2-4604-ba89-745e74e231fb&#8221; header_3_text_color=&#8221;#FFFFFF&#8221; header_4_font=&#8221;Gotham Medium||||||||&#8221; header_4_text_color=&#8221;#FFFFFF&#8221; header_4_font_size=&#8221;30px&#8221; header_5_font=&#8221;Gotham Medium||||||||&#8221; header_5_text_color=&#8221;#FFFFFF&#8221; header_5_font_size=&#8221;25px&#8221; header_5_letter_spacing=&#8221;1px&#8221; header_5_line_height=&#8221;1.7em&#8221; text_orientation=&#8221;center&#8221; custom_margin=&#8221;0px||0px||false|false&#8221; custom_padding=&#8221;0px||0px||false|false&#8221; global_colors_info=&#8221;{}&#8221;]<\/p>\n<h5><a href=\"https:\/\/www.camping-tisens.com\/it\/gastronomia\/\">RISTORANTE<\/a><\/h5>\n<p>[\/et_pb_text][et_pb_text _builder_version=&#8221;4.25.2&#8243; _module_preset=&#8221;d072d2d1-a6c2-4604-ba89-745e74e231fb&#8221; header_3_text_color=&#8221;#FFFFFF&#8221; header_4_font=&#8221;Gotham Medium||||||||&#8221; header_4_text_color=&#8221;#FFFFFF&#8221; header_4_font_size=&#8221;30px&#8221; header_5_font=&#8221;Gotham Medium||||||||&#8221; header_5_text_color=&#8221;#FFFFFF&#8221; header_5_font_size=&#8221;30px&#8221; header_5_line_height=&#8221;1.7em&#8221; header_6_font=&#8221;Gotham Light||||||||&#8221; header_6_text_color=&#8221;#FFFFFF&#8221; header_6_font_size=&#8221;20px&#8221; text_orientation=&#8221;center&#8221; custom_margin=&#8221;0px||0px||false|false&#8221; custom_padding=&#8221;0px||0px||false|false&#8221; global_colors_info=&#8221;{}&#8221;]<\/p>\n<h6><a href=\"https:\/\/www.camping-tisens.com\/it\/gastronomia\/\">&#038; caff\u00e9<\/a><\/h6>\n<p>[\/et_pb_text][\/et_pb_column][et_pb_column type=&#8221;1_3&#8243; _builder_version=&#8221;4.25.2&#8243; _module_preset=&#8221;default&#8221; use_background_color_gradient=&#8221;on&#8221; background_color_gradient_stops=&#8221;rgba(0,0,0,0.3) 0%|rgba(0,0,0,0.3) 100%&#8221; background_color_gradient_overlays_image=&#8221;on&#8221; background_image=&#8221;https:\/\/www.camping-tisens.com\/wp-content\/uploads\/2024\/01\/IMG_0810.jpg&#8221; custom_padding=&#8221;80px|60px|80px|60px|true|true&#8221; custom_padding_tablet=&#8221;30px|30px|30px|30px|true|true&#8221; custom_padding_phone=&#8221;20px|20px|20px|20px|true|true&#8221; custom_padding_last_edited=&#8221;on|desktop&#8221; link_option_url=&#8221;https:\/\/www.camping-tisens.com\/it\/buoni-regalo\/&#8221; global_colors_info=&#8221;{}&#8221; background__hover_enabled=&#8221;on|desktop&#8221; background_color_gradient_stops__hover=&#8221;rgba(0,0,0,0.6) 0%|rgba(0,0,0,0.6) 100%&#8221; use_background_color_gradient__hover=&#8221;on&#8221;][et_pb_text _builder_version=&#8221;4.25.2&#8243; _module_preset=&#8221;d072d2d1-a6c2-4604-ba89-745e74e231fb&#8221; header_3_text_color=&#8221;#FFFFFF&#8221; header_4_font=&#8221;Gotham Medium||||||||&#8221; header_4_text_color=&#8221;#FFFFFF&#8221; header_4_font_size=&#8221;30px&#8221; header_5_font=&#8221;Gotham Medium||||||||&#8221; header_5_text_color=&#8221;#FFFFFF&#8221; header_5_font_size=&#8221;25px&#8221; header_5_letter_spacing=&#8221;1px&#8221; header_5_line_height=&#8221;1.7em&#8221; text_orientation=&#8221;center&#8221; custom_margin=&#8221;0px||0px||false|false&#8221; custom_padding=&#8221;0px||0px||false|false&#8221; global_colors_info=&#8221;{}&#8221;]<\/p>\n<h5><a href=\"https:\/\/www.camping-tisens.com\/it\/buoni-regalo\/\">BUONI<\/a><\/h5>\n<p>[\/et_pb_text][et_pb_text _builder_version=&#8221;4.25.2&#8243; _module_preset=&#8221;d072d2d1-a6c2-4604-ba89-745e74e231fb&#8221; header_3_text_color=&#8221;#FFFFFF&#8221; header_4_font=&#8221;Gotham Medium||||||||&#8221; header_4_text_color=&#8221;#FFFFFF&#8221; header_4_font_size=&#8221;30px&#8221; header_5_font=&#8221;Gotham Medium||||||||&#8221; header_5_text_color=&#8221;#FFFFFF&#8221; header_5_font_size=&#8221;30px&#8221; header_5_line_height=&#8221;1.7em&#8221; header_6_font=&#8221;Gotham Light||||||||&#8221; header_6_text_color=&#8221;#FFFFFF&#8221; header_6_font_size=&#8221;20px&#8221; text_orientation=&#8221;center&#8221; custom_margin=&#8221;0px||0px||false|false&#8221; custom_padding=&#8221;0px||0px||false|false&#8221; global_colors_info=&#8221;{}&#8221;]<\/p>\n<h6><a href=\"https:\/\/www.camping-tisens.com\/it\/buoni-regalo\/\">&#038; regali<\/a><\/h6>\n<p>[\/et_pb_text][\/et_pb_column][et_pb_column type=&#8221;1_3&#8243; _builder_version=&#8221;4.25.2&#8243; _module_preset=&#8221;default&#8221; use_background_color_gradient=&#8221;on&#8221; background_color_gradient_stops=&#8221;rgba(0,0,0,0.3) 0%|rgba(0,0,0,0.3) 100%&#8221; background_color_gradient_overlays_image=&#8221;on&#8221; background_image=&#8221;https:\/\/www.camping-tisens.com\/wp-content\/uploads\/2024\/06\/D103779A-1B18-43C7-AD87-1E9D40E7355D_1_201_a-scaled.jpeg&#8221; custom_padding=&#8221;80px|60px|80px|60px|true|true&#8221; custom_padding_tablet=&#8221;30px|30px|30px|30px|true|true&#8221; custom_padding_phone=&#8221;20px|20px|20px|20px|true|true&#8221; custom_padding_last_edited=&#8221;on|desktop&#8221; link_option_url=&#8221;https:\/\/www.camping-tisens.com\/it\/poolhouses\/&#8221; global_colors_info=&#8221;{}&#8221; background__hover_enabled=&#8221;on|desktop&#8221; background_color_gradient_stops__hover=&#8221;rgba(0,0,0,0.6) 0%|rgba(0,0,0,0.6) 100%&#8221; use_background_color_gradient__hover=&#8221;on&#8221;][et_pb_text _builder_version=&#8221;4.25.2&#8243; _module_preset=&#8221;d072d2d1-a6c2-4604-ba89-745e74e231fb&#8221; header_3_text_color=&#8221;#FFFFFF&#8221; header_4_font=&#8221;Gotham Medium||||||||&#8221; header_4_text_color=&#8221;#FFFFFF&#8221; header_4_font_size=&#8221;30px&#8221; header_5_font=&#8221;Gotham Medium||||||||&#8221; header_5_text_color=&#8221;#FFFFFF&#8221; header_5_font_size=&#8221;25px&#8221; header_5_letter_spacing=&#8221;1px&#8221; header_5_line_height=&#8221;1.7em&#8221; text_orientation=&#8221;center&#8221; custom_margin=&#8221;0px||0px||false|false&#8221; custom_padding=&#8221;0px||0px||false|false&#8221; global_colors_info=&#8221;{}&#8221;]<\/p>\n<h5><a href=\"https:\/\/www.camping-tisens.com\/it\/poolhouses\/\">VIVERE<\/a><\/h5>\n<p>[\/et_pb_text][et_pb_text _builder_version=&#8221;4.25.2&#8243; _module_preset=&#8221;d072d2d1-a6c2-4604-ba89-745e74e231fb&#8221; header_3_text_color=&#8221;#FFFFFF&#8221; header_4_font=&#8221;Gotham Medium||||||||&#8221; header_4_text_color=&#8221;#FFFFFF&#8221; header_4_font_size=&#8221;30px&#8221; header_5_font=&#8221;Gotham Medium||||||||&#8221; header_5_text_color=&#8221;#FFFFFF&#8221; header_5_font_size=&#8221;30px&#8221; header_5_line_height=&#8221;1.7em&#8221; header_6_font=&#8221;Gotham Light||||||||&#8221; header_6_text_color=&#8221;#FFFFFF&#8221; header_6_font_size=&#8221;20px&#8221; text_orientation=&#8221;center&#8221; custom_margin=&#8221;0px||0px||false|false&#8221; custom_padding=&#8221;0px||0px||false|false&#8221; link_option_url=&#8221;https:\/\/www.camping-tisens.com\/it\/poolhouses\/&#8221; global_colors_info=&#8221;{}&#8221;]<\/p>\n<h6><a href=\"https:\/\/www.camping-tisens.com\/it\/poolhouses\/\">nella tiny house di design<\/a><\/h6>\n<p>[\/et_pb_text][\/et_pb_column][\/et_pb_row][\/et_pb_section]<\/p>\n","protected":false},"excerpt":{"rendered":"<p>Lido per Ospiti Giornalieri.Informazioni Utili.Il nostro campeggio \u00e8 un\u2019oasi di relax e accoglie sia i vacanzieri che i residenti locali che desiderano fermarsi per un caff\u00e8 al mattino, pranzare con gli amici, gustare un aperitivo la sera o trascorrere una giornata di relax al Lido.Il nostro obiettivo \u00e8 offrire autenticit\u00e0, qualit\u00e0 genuina e un equilibrio [&hellip;]<\/p>\n","protected":false},"author":2,"featured_media":0,"parent":0,"menu_order":0,"comment_status":"closed","ping_status":"closed","template":"","meta":{"_et_pb_use_builder":"on","_et_pb_old_content":"","_et_gb_content_width":"","footnotes":""},"class_list":["post-284639","page","type-page","status-publish","hentry"],"_links":{"self":[{"href":"https:\/\/www.camping-tisens.com\/it\/wp-json\/wp\/v2\/pages\/284639","targetHints":{"allow":["GET"]}}],"collection":[{"href":"https:\/\/www.camping-tisens.com\/it\/wp-json\/wp\/v2\/pages"}],"about":[{"href":"https:\/\/www.camping-tisens.com\/it\/wp-json\/wp\/v2\/types\/page"}],"author":[{"embeddable":true,"href":"https:\/\/www.camping-tisens.com\/it\/wp-json\/wp\/v2\/users\/2"}],"replies":[{"embeddable":true,"href":"https:\/\/www.camping-tisens.com\/it\/wp-json\/wp\/v2\/comments?post=284639"}],"version-history":[{"count":0,"href":"https:\/\/www.camping-tisens.com\/it\/wp-json\/wp\/v2\/pages\/284639\/revisions"}],"wp:attachment":[{"href":"https:\/\/www.camping-tisens.com\/it\/wp-json\/wp\/v2\/media?parent=284639"}],"curies":[{"name":"wp","href":"https:\/\/api.w.org\/{rel}","templated":true}]}}